{"id":77,"date":"2016-12-04T23:11:51","date_gmt":"2016-12-04T22:11:51","guid":{"rendered":"http:\/\/www.blog.serveurduke.fr\/?page_id=77"},"modified":"2018-02-10T19:29:36","modified_gmt":"2018-02-10T18:29:36","slug":"technologie-college","status":"publish","type":"page","link":"http:\/\/www.blog.serveurduke.fr\/index.php\/technologie-college\/","title":{"rendered":"Technologie Coll\u00e8ge"},"content":{"rendered":"<p>La technologie coll\u00e8ge \u00e9volue.<\/p>\n<p>La robotique<\/p>\n<p>L&rsquo;informatique \u00e0 travers la programmation trouve sa place en techno. Alors profitons-en !<\/p>\n<p>&nbsp;<\/p>\n<p>&nbsp;<\/p>\n","protected":false},"excerpt":{"rendered":"<p>La technologie coll\u00e8ge \u00e9volue. La robotique L&rsquo;informatique \u00e0 travers la programmation trouve sa place en techno. Alors profitons-en ! &nbsp; &nbsp;<\/p>\n","protected":false},"author":1,"featured_media":0,"parent":0,"menu_order":0,"comment_status":"open","ping_status":"closed","template":"","meta":{"footnotes":""},"_links":{"self":[{"href":"http:\/\/www.blog.serveurduke.fr\/index.php\/wp-json\/wp\/v2\/pages\/77"}],"collection":[{"href":"http:\/\/www.blog.serveurduke.fr\/index.php\/wp-json\/wp\/v2\/pages"}],"about":[{"href":"http:\/\/www.blog.serveurduke.fr\/index.php\/wp-json\/wp\/v2\/types\/page"}],"author":[{"embeddable":true,"href":"http:\/\/www.blog.serveurduke.fr\/index.php\/wp-json\/wp\/v2\/users\/1"}],"replies":[{"embeddable":true,"href":"http:\/\/www.blog.serveurduke.fr\/index.php\/wp-json\/wp\/v2\/comments?post=77"}],"version-history":[{"count":1,"href":"http:\/\/www.blog.serveurduke.fr\/index.php\/wp-json\/wp\/v2\/pages\/77\/revisions"}],"predecessor-version":[{"id":99,"href":"http:\/\/www.blog.serveurduke.fr\/index.php\/wp-json\/wp\/v2\/pages\/77\/revisions\/99"}],"wp:attachment":[{"href":"http:\/\/www.blog.serveurduke.fr\/index.php\/wp-json\/wp\/v2\/media?parent=77"}],"curies":[{"name":"wp","href":"https:\/\/api.w.org\/{rel}","templated":true}]}}